{"id":2465,"date":"2025-02-07T21:24:49","date_gmt":"2025-02-07T20:24:49","guid":{"rendered":"https:\/\/www.partners-in-action.com\/conditions\/"},"modified":"2025-02-22T17:50:57","modified_gmt":"2025-02-22T16:50:57","slug":"conditions","status":"publish","type":"page","link":"https:\/\/www.partners-in-action.com\/fr\/conditions\/","title":{"rendered":"Conditions"},"content":{"rendered":"\t\t<div data-elementor-type=\"wp-page\" data-elementor-id=\"2465\" class=\"elementor elementor-2465 elementor-1651\">\n\t\t\t\t<div class=\"elementor-element elementor-element-cbab8ea e-flex e-con-boxed e-con e-parent\" data-id=\"cbab8ea\" data-element_type=\"container\">\n\t\t\t\t\t<div class=\"e-con-inner\">\n\t\t<div class=\"elementor-element elementor-element-6f65651 e-con-full e-flex e-con e-child\" data-id=\"6f65651\" data-element_type=\"container\">\n\t\t\t\t<div class=\"elementor-element elementor-element-cc96677 elementor-widget elementor-widget-spacer\" data-id=\"cc96677\" data-element_type=\"widget\" data-widget_type=\"spacer.default\">\n\t\t\t\t<div class=\"elementor-widget-container\">\n\t\t\t\t\t\t\t<div class=\"elementor-spacer\">\n\t\t\t<div class=\"elementor-spacer-inner\"><\/div>\n\t\t<\/div>\n\t\t\t\t\t\t<\/div>\n\t\t\t\t<\/div>\n\t\t\t\t<\/div>\n\t\t\t\t\t<\/div>\n\t\t\t\t<\/div>\n\t\t<div class=\"elementor-element elementor-element-2be0b9f e-flex e-con-boxed e-con e-parent\" data-id=\"2be0b9f\" data-element_type=\"container\">\n\t\t\t\t\t<div class=\"e-con-inner\">\n\t\t<div class=\"elementor-element elementor-element-39f508e e-con-full e-flex e-con e-child\" data-id=\"39f508e\" data-element_type=\"container\">\n\t\t\t\t<div class=\"elementor-element elementor-element-8373d67 elementor-widget elementor-widget-text-editor\" data-id=\"8373d67\" data-element_type=\"widget\" data-widget_type=\"text-editor.default\">\n\t\t\t\t<div class=\"elementor-widget-container\">\n\t\t\t\t\t\t\t\t\t<h3 data-start=\"0\" data-end=\"20\"><strong data-start=\"4\" data-end=\"20\">Conditions d&#8217;Utilisation<\/strong><\/h3>\n<p data-start=\"22\" data-end=\"55\"><strong data-start=\"22\" data-end=\"41\">Date d&#8217;entr\u00e9e en vigueur<\/strong> : 20 f\u00e9vrier 2025<\/p>\n<p data-start=\"57\" data-end=\"263\">En acc\u00e9dant ou en utilisant ce site web (le \u00ab Site \u00bb) exploit\u00e9 par Partners In Action (PIA) (\u00ab nous \u00bb, \u00ab notre \u00bb ou \u00ab nos \u00bb), vous acceptez d\u2019\u00eatre li\u00e9 par les pr\u00e9sentes Conditions d\u2019Utilisation (\u00ab Conditions \u00bb). Si vous n\u2019acceptez pas ces Conditions, veuillez ne pas utiliser le Site. <\/p>\n<hr data-start=\"265\" data-end=\"268\">\n<h3 data-start=\"270\" data-end=\"296\"><strong data-start=\"274\" data-end=\"296\">1. Utilisation du Site<\/strong><\/h3>\n<p data-start=\"298\" data-end=\"533\">Vous acceptez d\u2019utiliser le Site uniquement \u00e0 des fins l\u00e9gales et d\u2019une mani\u00e8re qui ne porte pas atteinte aux droits des tiers ni ne restreigne leur utilisation du Site. Vous \u00eates responsable de toutes les activit\u00e9s effectu\u00e9es depuis votre compte ou votre appareil. <\/p>\n<hr data-start=\"535\" data-end=\"538\">\n<h3 data-start=\"540\" data-end=\"572\"><strong data-start=\"544\" data-end=\"572\">2. Propri\u00e9t\u00e9 Intellectuelle<\/strong><\/h3>\n<p data-start=\"574\" data-end=\"831\">Tous les contenus, y compris les textes, graphiques, logos, images et logiciels, sont la propri\u00e9t\u00e9 de PIA ou de ses conc\u00e9dants et sont prot\u00e9g\u00e9s par les lois sur la propri\u00e9t\u00e9 intellectuelle. Vous ne pouvez pas reproduire, distribuer ou utiliser tout contenu sans notre autorisation \u00e9crite pr\u00e9alable. <\/p>\n<hr data-start=\"833\" data-end=\"836\">\n<h3 data-start=\"838\" data-end=\"875\"><strong data-start=\"842\" data-end=\"875\">3. Modifications des Conditions<\/strong><\/h3>\n<p data-start=\"877\" data-end=\"1111\">Nous nous r\u00e9servons le droit de mettre \u00e0 jour ou de modifier ces Conditions \u00e0 tout moment et sans pr\u00e9avis. Toute modification sera publi\u00e9e sur cette page avec une date d\u2019entr\u00e9e en vigueur mise \u00e0 jour. Votre utilisation continue du Site constitue votre acceptation de ces modifications.  <\/p>\n<hr data-start=\"1113\" data-end=\"1116\">\n<h3 data-start=\"1118\" data-end=\"1153\"><strong data-start=\"1122\" data-end=\"1153\">4. Exclusion de Garanties<\/strong><\/h3>\n<p data-start=\"1155\" data-end=\"1388\">Le Site et son contenu sont fournis \u00ab en l\u2019\u00e9tat \u00bb, sans aucune garantie, expresse ou implicite. Nous ne garantissons pas que le Site sera ininterrompu, exempt d\u2019erreurs, de virus ou d\u2019autres \u00e9l\u00e9ments nuisibles. <\/p>\n<hr data-start=\"1390\" data-end=\"1393\">\n<h3 data-start=\"1395\" data-end=\"1429\"><strong data-start=\"1399\" data-end=\"1429\">5. Limitation de Responsabilit\u00e9<\/strong><\/h3>\n<p data-start=\"1431\" data-end=\"1655\">Dans la limite maximale autoris\u00e9e par la loi, PIA ne pourra \u00eatre tenue responsable de tout dommage indirect, accessoire, cons\u00e9cutif ou punitif, ni de toute perte de profits ou de revenus r\u00e9sultant de ou en lien avec votre utilisation du Site.<\/p>\n<hr data-start=\"1657\" data-end=\"1660\">\n<h3 data-start=\"1662\" data-end=\"1690\"><strong data-start=\"1666\" data-end=\"1690\">6. Liens vers des Tiers<\/strong><\/h3>\n<p data-start=\"1692\" data-end=\"1947\">Le Site peut contenir des liens vers des sites web tiers qui ne sont pas sous le contr\u00f4le de PIA. Nous ne sommes pas responsables du contenu ou des pratiques de ces sites. Votre utilisation de tout site li\u00e9 se fait \u00e0 vos propres risques et est soumise aux conditions d\u2019utilisation de ce site.  <\/p>\n<hr data-start=\"1949\" data-end=\"1952\">\n<h3 data-start=\"1954\" data-end=\"1978\"><strong data-start=\"1958\" data-end=\"1978\">7. Droit Applicable<\/strong><\/h3>\n<p data-start=\"1980\" data-end=\"2224\">Les pr\u00e9sentes Conditions sont r\u00e9gies et interpr\u00e9t\u00e9es conform\u00e9ment aux lois de la France. Tout litige d\u00e9coulant de ces Conditions ou de votre utilisation du Site sera soumis \u00e0 la comp\u00e9tence exclusive des tribunaux de Paris. <\/p>\n<hr data-start=\"2226\" data-end=\"2229\">\n<h3 data-start=\"2231\" data-end=\"2261\"><strong data-start=\"2235\" data-end=\"2261\">8. Informations de Contact<\/strong><\/h3>\n<p data-start=\"2263\" data-end=\"2333\">Si vous avez des questions concernant ces Conditions, veuillez nous contacter \u00e0 :<\/p>\n<ul data-start=\"2335\" data-end=\"2404\">\n<li data-start=\"2335\" data-end=\"2364\"><strong data-start=\"2337\" data-end=\"2347\">Email:<\/strong> contact@partners-in-action.com<\/li>\n<\/ul>\n\t\t\t\t\t\t\t\t<\/div>\n\t\t\t\t<\/div>\n\t\t\t\t<\/div>\n\t\t\t\t\t<\/div>\n\t\t\t\t<\/div>\n\t\t\t\t<\/div>\n\t\t","protected":false},"excerpt":{"rendered":"<p>Conditions d&#8217;Utilisation Date d&#8217;entr\u00e9e en vigueur : 20 f\u00e9vrier 2025 En acc\u00e9dant ou en utilisant ce site web (le \u00ab Site \u00bb) exploit\u00e9 par Partners In Action (PIA) (\u00ab nous \u00bb, \u00ab notre \u00bb ou \u00ab nos \u00bb), vous acceptez d\u2019\u00eatre li\u00e9 par les pr\u00e9sentes Conditions d\u2019Utilisation (\u00ab Conditions \u00bb). Si vous n\u2019acceptez pas ces [&hellip;]<\/p>\n","protected":false},"author":1,"featured_media":0,"parent":0,"menu_order":0,"comment_status":"closed","ping_status":"closed","template":"","meta":{"site-sidebar-layout":"no-sidebar","site-content-layout":"page-builder","ast-site-content-layout":"full-width-container","site-content-style":"default","site-sidebar-style":"default","ast-global-header-display":"","ast-banner-title-visibility":"","ast-main-header-display":"","ast-hfb-above-header-display":"","ast-hfb-below-header-display":"","ast-hfb-mobile-header-display":"","site-post-title":"disabled","ast-breadcrumbs-content":"","ast-featured-img":"disabled","footer-sml-layout":"","theme-transparent-header-meta":"","adv-header-id-meta":"","stick-header-meta":"","header-above-stick-meta":"","header-main-stick-meta":"","header-below-stick-meta":"","astra-migrate-meta-layouts":"default","ast-page-background-enabled":"default","ast-page-background-meta":{"desktop":{"background-color":"","background-image":"","background-repeat":"repeat","background-position":"center center","background-size":"auto","background-attachment":"scroll","background-type":"","background-media":"","overlay-type":"","overlay-color":"","overlay-opacity":"","overlay-gradient":""},"tablet":{"background-color":"","background-image":"","background-repeat":"repeat","background-position":"center center","background-size":"auto","background-attachment":"scroll","background-type":"","background-media":"","overlay-type":"","overlay-color":"","overlay-opacity":"","overlay-gradient":""},"mobile":{"background-color":"","background-image":"","background-repeat":"repeat","background-position":"center center","background-size":"auto","background-attachment":"scroll","background-type":"","background-media":"","overlay-type":"","overlay-color":"","overlay-opacity":"","overlay-gradient":""}},"ast-content-background-meta":{"desktop":{"background-color":"var(--ast-global-color-5)","background-image":"","background-repeat":"repeat","background-position":"center center","background-size":"auto","background-attachment":"scroll","background-type":"","background-media":"","overlay-type":"","overlay-color":"","overlay-opacity":"","overlay-gradient":""},"tablet":{"background-color":"var(--ast-global-color-5)","background-image":"","background-repeat":"repeat","background-position":"center center","background-size":"auto","background-attachment":"scroll","background-type":"","background-media":"","overlay-type":"","overlay-color":"","overlay-opacity":"","overlay-gradient":""},"mobile":{"background-color":"var(--ast-global-color-5)","background-image":"","background-repeat":"repeat","background-position":"center center","background-size":"auto","background-attachment":"scroll","background-type":"","background-media":"","overlay-type":"","overlay-color":"","overlay-opacity":"","overlay-gradient":""}},"footnotes":""},"class_list":["post-2465","page","type-page","status-publish","hentry"],"_links":{"self":[{"href":"https:\/\/www.partners-in-action.com\/fr\/wp-json\/wp\/v2\/pages\/2465","targetHints":{"allow":["GET"]}}],"collection":[{"href":"https:\/\/www.partners-in-action.com\/fr\/wp-json\/wp\/v2\/pages"}],"about":[{"href":"https:\/\/www.partners-in-action.com\/fr\/wp-json\/wp\/v2\/types\/page"}],"author":[{"embeddable":true,"href":"https:\/\/www.partners-in-action.com\/fr\/wp-json\/wp\/v2\/users\/1"}],"replies":[{"embeddable":true,"href":"https:\/\/www.partners-in-action.com\/fr\/wp-json\/wp\/v2\/comments?post=2465"}],"version-history":[{"count":3,"href":"https:\/\/www.partners-in-action.com\/fr\/wp-json\/wp\/v2\/pages\/2465\/revisions"}],"predecessor-version":[{"id":2499,"href":"https:\/\/www.partners-in-action.com\/fr\/wp-json\/wp\/v2\/pages\/2465\/revisions\/2499"}],"wp:attachment":[{"href":"https:\/\/www.partners-in-action.com\/fr\/wp-json\/wp\/v2\/media?parent=2465"}],"curies":[{"name":"wp","href":"https:\/\/api.w.org\/{rel}","templated":true}]}}