{"id":2454,"date":"2025-02-19T15:13:57","date_gmt":"2025-02-19T14:13:57","guid":{"rendered":"https:\/\/www.partners-in-action.com\/pia-creation-de-valeur-implementation\/"},"modified":"2025-02-22T15:29:23","modified_gmt":"2025-02-22T14:29:23","slug":"pia-creation-de-valeur-implementation","status":"publish","type":"page","link":"https:\/\/www.partners-in-action.com\/fr\/pia-creation-de-valeur-implementation\/","title":{"rendered":"PIA Cr\u00e9ation de valeur &amp; Impl\u00e9mentation"},"content":{"rendered":"\t\t<div data-elementor-type=\"wp-page\" data-elementor-id=\"2454\" class=\"elementor elementor-2454 elementor-1920\">\n\t\t\t\t<div class=\"elementor-element elementor-element-7830b6dd e-flex e-con-boxed e-con e-parent\" data-id=\"7830b6dd\" data-element_type=\"container\">\n\t\t\t\t\t<div class=\"e-con-inner\">\n\t\t<div class=\"elementor-element elementor-element-6a350eb4 e-con-full e-flex e-con e-child\" data-id=\"6a350eb4\" data-element_type=\"container\">\n\t\t\t\t<div class=\"elementor-element elementor-element-37ca4ca2 elementor-widget elementor-widget-spacer\" data-id=\"37ca4ca2\" data-element_type=\"widget\" data-widget_type=\"spacer.default\">\n\t\t\t\t<div class=\"elementor-widget-container\">\n\t\t\t\t\t\t\t<div class=\"elementor-spacer\">\n\t\t\t<div class=\"elementor-spacer-inner\"><\/div>\n\t\t<\/div>\n\t\t\t\t\t\t<\/div>\n\t\t\t\t<\/div>\n\t\t\t\t<div class=\"elementor-element elementor-element-4abbfa0d elementor-widget elementor-widget-heading\" data-id=\"4abbfa0d\" data-element_type=\"widget\" data-widget_type=\"heading.default\">\n\t\t\t\t<div class=\"elementor-widget-container\">\n\t\t\t\t\t<h2 class=\"elementor-heading-title elementor-size-default\">PIA Cr\u00e9ation de valeur &amp; Impl\u00e9mentation<\/h2>\t\t\t\t<\/div>\n\t\t\t\t<\/div>\n\t\t\t\t<div class=\"elementor-element elementor-element-43561d07 elementor-widget-divider--view-line elementor-widget elementor-widget-divider\" data-id=\"43561d07\" data-element_type=\"widget\" data-widget_type=\"divider.default\">\n\t\t\t\t<div class=\"elementor-widget-container\">\n\t\t\t\t\t\t\t<div class=\"elementor-divider\">\n\t\t\t<span class=\"elementor-divider-separator\">\n\t\t\t\t\t\t<\/span>\n\t\t<\/div>\n\t\t\t\t\t\t<\/div>\n\t\t\t\t<\/div>\n\t\t\t\t<\/div>\n\t\t\t\t\t<\/div>\n\t\t\t\t<\/div>\n\t\t<div class=\"elementor-element elementor-element-2c8cce7e e-flex e-con-boxed e-con e-parent\" data-id=\"2c8cce7e\" data-element_type=\"container\">\n\t\t\t\t\t<div class=\"e-con-inner\">\n\t\t<div class=\"elementor-element elementor-element-1740feaa e-con-full e-flex e-con e-child\" data-id=\"1740feaa\" data-element_type=\"container\" data-settings=\"{&quot;background_background&quot;:&quot;classic&quot;}\">\n\t\t\t\t<div class=\"elementor-element elementor-element-1da87a3c elementor-widget__width-initial elementor-widget elementor-widget-text-editor\" data-id=\"1da87a3c\" data-element_type=\"widget\" data-widget_type=\"text-editor.default\">\n\t\t\t\t<div class=\"elementor-widget-container\">\n\t\t\t\t\t\t\t\t\t<h4 style=\"color: white;\">Nous nous assurons que les ambitions strat\u00e9giques se traduisent par des r\u00e9sultats tangibles.<\/h4>\n<h4 style=\"color: white;\">Nous nous concentrons sur la due diligence, la planification d\u00e9taill\u00e9e et la capture de valeur ax\u00e9e sur l&#8217;ex\u00e9cution, aidant les entreprises \u00e0 r\u00e9aliser des am\u00e9liorations financi\u00e8res et op\u00e9rationnelles avec pr\u00e9cision et rapidit\u00e9.<\/h4>\n\t\t\t\t\t\t\t\t<\/div>\n\t\t\t\t<\/div>\n\t\t\t\t<\/div>\n\t\t\t\t\t<\/div>\n\t\t\t\t<\/div>\n\t\t<div class=\"elementor-element elementor-element-e25fc54 e-flex e-con-boxed e-con e-parent\" data-id=\"e25fc54\" data-element_type=\"container\">\n\t\t\t\t\t<div class=\"e-con-inner\">\n\t\t<div class=\"elementor-element elementor-element-3313e1d e-con-full e-flex e-con e-child\" data-id=\"3313e1d\" data-element_type=\"container\">\n\t\t\t\t<div class=\"elementor-element elementor-element-414840f elementor-widget elementor-widget-spacer\" data-id=\"414840f\" data-element_type=\"widget\" data-widget_type=\"spacer.default\">\n\t\t\t\t<div class=\"elementor-widget-container\">\n\t\t\t\t\t\t\t<div class=\"elementor-spacer\">\n\t\t\t<div class=\"elementor-spacer-inner\"><\/div>\n\t\t<\/div>\n\t\t\t\t\t\t<\/div>\n\t\t\t\t<\/div>\n\t\t\t\t<\/div>\n\t\t\t\t\t<\/div>\n\t\t\t\t<\/div>\n\t\t<div class=\"elementor-element elementor-element-32d3ff83 e-flex e-con-boxed e-con e-parent\" data-id=\"32d3ff83\" data-element_type=\"container\">\n\t\t\t\t\t<div class=\"e-con-inner\">\n\t\t<div class=\"elementor-element elementor-element-2d8dc619 e-con-full e-flex e-con e-child\" data-id=\"2d8dc619\" data-element_type=\"container\">\n\t\t\t\t<div class=\"elementor-element elementor-element-1006e4f5 elementor-widget elementor-widget-image\" data-id=\"1006e4f5\" data-element_type=\"widget\" data-widget_type=\"image.default\">\n\t\t\t\t<div class=\"elementor-widget-container\">\n\t\t\t\t\t\t\t\t\t\t\t\t\t\t\t<img decoding=\"async\" src=\"https:\/\/www.partners-in-action.com\/wp-content\/uploads\/elementor\/thumbs\/g4e81da07a6369988ac322cc61c7284058cbcf3a91f4ba64ae5ab1bfdf9c423f336588bdc33731dc32b7c712735451a2c6d2ea6921abc4a69aef88881896d074f_1280-3966619-r1qwekljwo5fs6aduvzuuy6qlf4gjn0okg4kvid8yo.jpg\" title=\"g4e81da07a6369988ac322cc61c7284058cbcf3a91f4ba64ae5ab1bfdf9c423f336588bdc33731dc32b7c712735451a2c6d2ea6921abc4a69aef88881896d074f_1280-3966619\" alt=\"network, business, begin, hand, finger, initialization, success, bar, analysis, abstract, social network, logo, networking, social media, icon, website, presentation, multimedia, communication, media, www, connection, network, network, network, logo, social media, website, website, website, website, website, media\" loading=\"lazy\" \/>\t\t\t\t\t\t\t\t\t\t\t\t\t\t\t<\/div>\n\t\t\t\t<\/div>\n\t\t\t\t<\/div>\n\t\t<div class=\"elementor-element elementor-element-2f3fcdf1 e-con-full e-flex e-con e-child\" data-id=\"2f3fcdf1\" data-element_type=\"container\">\n\t\t<div class=\"elementor-element elementor-element-35f0578f e-con-full e-flex e-con e-child\" data-id=\"35f0578f\" data-element_type=\"container\">\n\t\t\t\t<div class=\"elementor-element elementor-element-6596a84d elementor-widget elementor-widget-text-editor\" data-id=\"6596a84d\" data-element_type=\"widget\" data-widget_type=\"text-editor.default\">\n\t\t\t\t<div class=\"elementor-widget-container\">\n\t\t\t\t\t\t\t\t\t<h5>Approche bas\u00e9e sur les faits, pr\u00eate pour l&#8217;ex\u00e9cution<\/h5>\n<p>Notre approche va au-del\u00e0 de la strat\u00e9gie de haut niveau. Nous r\u00e9alisons une <strong data-start=\"502\" data-end=\"519\">due diligence<\/strong> rigoureuse pour valider le potentiel de valeur, d\u00e9veloppons des <strong data-start=\"557\" data-end=\"587\">plans d\u00e9taill\u00e9s et exploitables,<\/strong> et menons une mise en \u0153uvre structur\u00e9e afin de maximiser l&#8217;EBITDA, le flux de tr\u00e9sorerie et la performance globale de l&#8217;entreprise.<\/p>\n\t\t\t\t\t\t\t\t<\/div>\n\t\t\t\t<\/div>\n\t\t\t\t<\/div>\n\t\t\t\t<\/div>\n\t\t\t\t\t<\/div>\n\t\t\t\t<\/div>\n\t\t<div class=\"elementor-element elementor-element-639d64a6 e-flex e-con-boxed e-con e-parent\" data-id=\"639d64a6\" data-element_type=\"container\">\n\t\t\t\t\t<div class=\"e-con-inner\">\n\t\t<div class=\"elementor-element elementor-element-2deb04ce e-con-full e-flex e-con e-child\" data-id=\"2deb04ce\" data-element_type=\"container\">\n\t\t\t\t<div class=\"elementor-element elementor-element-44e27d5f elementor-widget elementor-widget-spacer\" data-id=\"44e27d5f\" data-element_type=\"widget\" data-widget_type=\"spacer.default\">\n\t\t\t\t<div class=\"elementor-widget-container\">\n\t\t\t\t\t\t\t<div class=\"elementor-spacer\">\n\t\t\t<div class=\"elementor-spacer-inner\"><\/div>\n\t\t<\/div>\n\t\t\t\t\t\t<\/div>\n\t\t\t\t<\/div>\n\t\t\t\t<\/div>\n\t\t\t\t\t<\/div>\n\t\t\t\t<\/div>\n\t\t<div class=\"elementor-element elementor-element-728885b5 e-flex e-con-boxed e-con e-parent\" data-id=\"728885b5\" data-element_type=\"container\">\n\t\t\t\t\t<div class=\"e-con-inner\">\n\t\t<div class=\"elementor-element elementor-element-6417605e e-con-full e-flex e-con e-child\" data-id=\"6417605e\" data-element_type=\"container\">\n\t\t\t\t<div class=\"elementor-element elementor-element-370ecbf0 elementor-widget elementor-widget-text-editor\" data-id=\"370ecbf0\" data-element_type=\"widget\" data-widget_type=\"text-editor.default\">\n\t\t\t\t<div class=\"elementor-widget-container\">\n\t\t\t\t\t\t\t\t\t<h5>Ce qui nous distingue<\/h5>\n<p>Nous appliquons une expertise approfondie du secteur et des comp\u00e9tences financi\u00e8res pour g\u00e9n\u00e9rer un impact mesurable. En travaillant directement avec<strong data-start=\"107\" data-end=\"160\"> les \u00e9quipes de production, les couches d&#8217;ex\u00e9cution et la direction,<\/strong> nous identifions et mettons en \u0153uvre des leviers de cr\u00e9ation de valeur. Notre approche garantit que les organisations sont structurellement pr\u00eates pour le changement tout en minimisant les risques d&#8217;ex\u00e9cution, offrant des r\u00e9sultats concrets en<strong data-start=\"348\" data-end=\"416\"> r\u00e9duction des co\u00fbts, optimisation du fonds de roulement et croissance des revenus<\/strong>.<\/p>\n\t\t\t\t\t\t\t\t<\/div>\n\t\t\t\t<\/div>\n\t\t\t\t<\/div>\n\t\t<div class=\"elementor-element elementor-element-52994c37 e-con-full e-flex e-con e-child\" data-id=\"52994c37\" data-element_type=\"container\">\n\t\t\t\t<div class=\"elementor-element elementor-element-244fcc73 elementor-widget elementor-widget-image\" data-id=\"244fcc73\" data-element_type=\"widget\" data-widget_type=\"image.default\">\n\t\t\t\t<div class=\"elementor-widget-container\">\n\t\t\t\t\t\t\t\t\t\t\t\t\t\t\t<img decoding=\"async\" src=\"https:\/\/www.partners-in-action.com\/wp-content\/uploads\/elementor\/thumbs\/gc10786d67674ba2626007b7bfb783b58e50adfbff30bc8a7bbf2d96e19eca3204ca5d48d2d9e617d5c777640bad97bce_1280-283211-r1qwia2mv58ft3kndj13ykf7522ojlq5pjig1a4txw.jpg\" title=\"gc10786d67674ba2626007b7bfb783b58e50adfbff30bc8a7bbf2d96e19eca3204ca5d48d2d9e617d5c777640bad97bce_1280-283211\" alt=\"brown coal, energy, garzweiler, bucket wheel excavators, open pit mining, technology, industrial plant, industry, raw material, energy, energy, energy, technology, technology, technology, technology, technology, industrial plant, industry, industry\" loading=\"lazy\" \/>\t\t\t\t\t\t\t\t\t\t\t\t\t\t\t<\/div>\n\t\t\t\t<\/div>\n\t\t\t\t<\/div>\n\t\t\t\t\t<\/div>\n\t\t\t\t<\/div>\n\t\t<div class=\"elementor-element elementor-element-56505604 e-flex e-con-boxed e-con e-parent\" data-id=\"56505604\" data-element_type=\"container\">\n\t\t\t\t\t<div class=\"e-con-inner\">\n\t\t<div class=\"elementor-element elementor-element-703c65fd e-con-full e-flex e-con e-child\" data-id=\"703c65fd\" data-element_type=\"container\">\n\t\t\t\t<div class=\"elementor-element elementor-element-5a78ccf3 elementor-widget elementor-widget-spacer\" data-id=\"5a78ccf3\" data-element_type=\"widget\" data-widget_type=\"spacer.default\">\n\t\t\t\t<div class=\"elementor-widget-container\">\n\t\t\t\t\t\t\t<div class=\"elementor-spacer\">\n\t\t\t<div class=\"elementor-spacer-inner\"><\/div>\n\t\t<\/div>\n\t\t\t\t\t\t<\/div>\n\t\t\t\t<\/div>\n\t\t\t\t<\/div>\n\t\t\t\t\t<\/div>\n\t\t\t\t<\/div>\n\t\t<div class=\"elementor-element elementor-element-6afcbdab e-flex e-con-boxed e-con e-parent\" data-id=\"6afcbdab\" data-element_type=\"container\" data-settings=\"{&quot;background_background&quot;:&quot;classic&quot;}\">\n\t\t\t\t\t<div class=\"e-con-inner\">\n\t\t\t\t<div class=\"elementor-element elementor-element-37af2542 elementor-widget__width-initial elementor-widget elementor-widget-heading\" data-id=\"37af2542\" data-element_type=\"widget\" data-widget_type=\"heading.default\">\n\t\t\t\t<div class=\"elementor-widget-container\">\n\t\t\t\t\t<h3 class=\"elementor-heading-title elementor-size-default\">Seulement 30 % des transformations r\u00e9ussissent !<\/h3>\t\t\t\t<\/div>\n\t\t\t\t<\/div>\n\t\t\t\t<div class=\"elementor-element elementor-element-57d246d1 elementor-widget elementor-widget-text-editor\" data-id=\"57d246d1\" data-element_type=\"widget\" data-widget_type=\"text-editor.default\">\n\t\t\t\t<div class=\"elementor-widget-container\">\n\t\t\t\t\t\t\t\t\t<p data-start=\"46\" data-end=\"284\">Les transformations industrielles \u00e9chouent souvent en raison d&#8217;un potentiel de valeur flou, de risques d&#8217;ex\u00e9cution et d&#8217;un manque d&#8217;alignement organisationnel. Les entreprises ont du mal \u00e0 <strong data-start=\"190\" data-end=\"282\">r\u00e9aliser des \u00e9conomies de co\u00fbts, \u00e0 d\u00e9ployer efficacement leur capital et \u00e0 acc\u00e9l\u00e9rer les cycles de mise en \u0153uvre.<\/strong><\/p>\n<p data-start=\"286\" data-end=\"721\" data-is-last-node=\"\">Nous abordons ces d\u00e9fis en menant<strong data-start=\"328\" data-end=\"440\"> une due diligence rigoureuse, en \u00e9laborant des plans d&#8217;ex\u00e9cution d\u00e9taill\u00e9s et en travaillant concr\u00e8tement \u00e0 travers toutes les couches de production<\/strong>.<\/p>\n\t\t\t\t\t\t\t\t<\/div>\n\t\t\t\t<\/div>\n\t\t\t\t\t<\/div>\n\t\t\t\t<\/div>\n\t\t<div class=\"elementor-element elementor-element-44d4b138 e-flex e-con-boxed e-con e-parent\" data-id=\"44d4b138\" data-element_type=\"container\">\n\t\t\t\t\t<div class=\"e-con-inner\">\n\t\t<div class=\"elementor-element elementor-element-244b6b38 e-con-full e-flex e-con e-child\" data-id=\"244b6b38\" data-element_type=\"container\">\n\t\t\t\t<div class=\"elementor-element elementor-element-37e76d46 elementor-widget elementor-widget-spacer\" data-id=\"37e76d46\" data-element_type=\"widget\" data-widget_type=\"spacer.default\">\n\t\t\t\t<div class=\"elementor-widget-container\">\n\t\t\t\t\t\t\t<div class=\"elementor-spacer\">\n\t\t\t<div class=\"elementor-spacer-inner\"><\/div>\n\t\t<\/div>\n\t\t\t\t\t\t<\/div>\n\t\t\t\t<\/div>\n\t\t\t\t<\/div>\n\t\t\t\t\t<\/div>\n\t\t\t\t<\/div>\n\t\t<div class=\"elementor-element elementor-element-90bda62 e-flex e-con-boxed e-con e-parent\" data-id=\"90bda62\" data-element_type=\"container\">\n\t\t\t\t\t<div class=\"e-con-inner\">\n\t\t<div class=\"elementor-element elementor-element-55cac778 e-con-full e-flex e-con e-child\" data-id=\"55cac778\" data-element_type=\"container\">\n\t\t\t\t<div class=\"elementor-element elementor-element-30558cbd elementor-widget elementor-widget-image\" data-id=\"30558cbd\" data-element_type=\"widget\" data-widget_type=\"image.default\">\n\t\t\t\t<div class=\"elementor-widget-container\">\n\t\t\t\t\t\t\t\t\t\t\t\t\t\t\t<img decoding=\"async\" src=\"https:\/\/www.partners-in-action.com\/wp-content\/uploads\/elementor\/thumbs\/ga1e98dced9f321c3d45b74b39ba5ac5e1b602946d51953b7b69ef2efed60e6bbe4ffd0113edc83362784773eab43f656a0e86dbcf4417fe157800b746d07a66c_1280-4062633-r1qwvwqdynw45jrxsf4d44lt86wa5lu1l01wjpxbpw.jpg\" title=\"ga1e98dced9f321c3d45b74b39ba5ac5e1b602946d51953b7b69ef2efed60e6bbe4ffd0113edc83362784773eab43f656a0e86dbcf4417fe157800b746d07a66c_1280-4062633\" alt=\"dart, dart board, darts, center, in addition, direct hit, fail, goal, arrow, game, accuracy, result, bullseye, meet, perfomance, green, red, black, fail, fail, result, result, result, result, result\" loading=\"lazy\" \/>\t\t\t\t\t\t\t\t\t\t\t\t\t\t\t<\/div>\n\t\t\t\t<\/div>\n\t\t\t\t<\/div>\n\t\t<div class=\"elementor-element elementor-element-14fbbc66 e-con-full e-flex e-con e-child\" data-id=\"14fbbc66\" data-element_type=\"container\">\n\t\t\t\t<div class=\"elementor-element elementor-element-7a39d603 elementor-widget elementor-widget-text-editor\" data-id=\"7a39d603\" data-element_type=\"widget\" data-widget_type=\"text-editor.default\">\n\t\t\t\t<div class=\"elementor-widget-container\">\n\t\t\t\t\t\t\t\t\t<h5>Fournir des r\u00e9sultats financiers et op\u00e9rationnels<\/h5>\n<p>Notre travail est con\u00e7u pour g\u00e9n\u00e9rer <strong data-start=\"1108\" data-end=\"1139\">des r\u00e9sultats r\u00e9els et quantifiables<\/strong>. Nous veillons \u00e0 ce que chaque d\u00e9cision soit \u00e9tay\u00e9e par une<strong data-start=\"1184\" data-end=\"1269\"> mod\u00e9lisation financi\u00e8re robuste, une faisabilit\u00e9 op\u00e9rationnelle et une feuille de route claire pour l&#8217;ex\u00e9cution, <\/strong>permettant ainsi aux \u00e9quipes de direction d&#8217;assurer une performance durable de l&#8217;entreprise.<\/p>\n\t\t\t\t\t\t\t\t<\/div>\n\t\t\t\t<\/div>\n\t\t\t\t<\/div>\n\t\t\t\t\t<\/div>\n\t\t\t\t<\/div>\n\t\t\t\t<\/div>\n\t\t","protected":false},"excerpt":{"rendered":"<p>PIA Cr\u00e9ation de valeur &amp; Impl\u00e9mentation Nous nous assurons que les ambitions strat\u00e9giques se traduisent par des r\u00e9sultats tangibles. Nous nous concentrons sur la due diligence, la planification d\u00e9taill\u00e9e et la capture de valeur ax\u00e9e sur l&#8217;ex\u00e9cution, aidant les entreprises \u00e0 r\u00e9aliser des am\u00e9liorations financi\u00e8res et op\u00e9rationnelles avec pr\u00e9cision et rapidit\u00e9. Approche bas\u00e9e sur les [&hellip;]<\/p>\n","protected":false},"author":1,"featured_media":0,"parent":0,"menu_order":0,"comment_status":"closed","ping_status":"closed","template":"","meta":{"site-sidebar-layout":"no-sidebar","site-content-layout":"page-builder","ast-site-content-layout":"full-width-container","site-content-style":"default","site-sidebar-style":"default","ast-global-header-display":"","ast-banner-title-visibility":"","ast-main-header-display":"","ast-hfb-above-header-display":"","ast-hfb-below-header-display":"","ast-hfb-mobile-header-display":"","site-post-title":"disabled","ast-breadcrumbs-content":"","ast-featured-img":"disabled","footer-sml-layout":"","theme-transparent-header-meta":"","adv-header-id-meta":"","stick-header-meta":"","header-above-stick-meta":"","header-main-stick-meta":"","header-below-stick-meta":"","astra-migrate-meta-layouts":"default","ast-page-background-enabled":"default","ast-page-background-meta":{"desktop":{"background-color":"","background-image":"","background-repeat":"repeat","background-position":"center center","background-size":"auto","background-attachment":"scroll","background-type":"","background-media":"","overlay-type":"","overlay-color":"","overlay-opacity":"","overlay-gradient":""},"tablet":{"background-color":"","background-image":"","background-repeat":"repeat","background-position":"center center","background-size":"auto","background-attachment":"scroll","background-type":"","background-media":"","overlay-type":"","overlay-color":"","overlay-opacity":"","overlay-gradient":""},"mobile":{"background-color":"","background-image":"","background-repeat":"repeat","background-position":"center center","background-size":"auto","background-attachment":"scroll","background-type":"","background-media":"","overlay-type":"","overlay-color":"","overlay-opacity":"","overlay-gradient":""}},"ast-content-background-meta":{"desktop":{"background-color":"var(--ast-global-color-5)","background-image":"","background-repeat":"repeat","background-position":"center center","background-size":"auto","background-attachment":"scroll","background-type":"","background-media":"","overlay-type":"","overlay-color":"","overlay-opacity":"","overlay-gradient":""},"tablet":{"background-color":"var(--ast-global-color-5)","background-image":"","background-repeat":"repeat","background-position":"center center","background-size":"auto","background-attachment":"scroll","background-type":"","background-media":"","overlay-type":"","overlay-color":"","overlay-opacity":"","overlay-gradient":""},"mobile":{"background-color":"var(--ast-global-color-5)","background-image":"","background-repeat":"repeat","background-position":"center center","background-size":"auto","background-attachment":"scroll","background-type":"","background-media":"","overlay-type":"","overlay-color":"","overlay-opacity":"","overlay-gradient":""}},"footnotes":""},"class_list":["post-2454","page","type-page","status-publish","hentry"],"_links":{"self":[{"href":"https:\/\/www.partners-in-action.com\/fr\/wp-json\/wp\/v2\/pages\/2454","targetHints":{"allow":["GET"]}}],"collection":[{"href":"https:\/\/www.partners-in-action.com\/fr\/wp-json\/wp\/v2\/pages"}],"about":[{"href":"https:\/\/www.partners-in-action.com\/fr\/wp-json\/wp\/v2\/types\/page"}],"author":[{"embeddable":true,"href":"https:\/\/www.partners-in-action.com\/fr\/wp-json\/wp\/v2\/users\/1"}],"replies":[{"embeddable":true,"href":"https:\/\/www.partners-in-action.com\/fr\/wp-json\/wp\/v2\/comments?post=2454"}],"version-history":[{"count":1,"href":"https:\/\/www.partners-in-action.com\/fr\/wp-json\/wp\/v2\/pages\/2454\/revisions"}],"predecessor-version":[{"id":2455,"href":"https:\/\/www.partners-in-action.com\/fr\/wp-json\/wp\/v2\/pages\/2454\/revisions\/2455"}],"wp:attachment":[{"href":"https:\/\/www.partners-in-action.com\/fr\/wp-json\/wp\/v2\/media?parent=2454"}],"curies":[{"name":"wp","href":"https:\/\/api.w.org\/{rel}","templated":true}]}}