{"id":2439,"date":"2025-01-29T18:31:20","date_gmt":"2025-01-29T17:31:20","guid":{"rendered":"https:\/\/www.partners-in-action.com\/points-de-vue\/"},"modified":"2025-02-22T23:12:35","modified_gmt":"2025-02-22T22:12:35","slug":"points-de-vue","status":"publish","type":"page","link":"https:\/\/www.partners-in-action.com\/fr\/points-de-vue\/","title":{"rendered":"Points de vue"},"content":{"rendered":"\t\t<div data-elementor-type=\"wp-page\" data-elementor-id=\"2439\" class=\"elementor elementor-2439 elementor-1489\">\n\t\t\t\t<div class=\"elementor-element elementor-element-wthdkxq e-flex e-con-boxed e-con e-parent\" data-id=\"wthdkxq\" data-element_type=\"container\" data-settings=\"{&quot;background_background&quot;:&quot;classic&quot;}\">\n\t\t\t\t\t<div class=\"e-con-inner\">\n\t\t<div class=\"elementor-element elementor-element-6f7112f e-con-full e-flex e-con e-child\" data-id=\"6f7112f\" data-element_type=\"container\">\n\t\t\t\t<div class=\"elementor-element elementor-element-c8539a7 elementor-widget elementor-widget-heading\" data-id=\"c8539a7\" data-element_type=\"widget\" data-widget_type=\"heading.default\">\n\t\t\t\t<div class=\"elementor-widget-container\">\n\t\t\t\t\t<h6 class=\"elementor-heading-title elementor-size-default\">Partager nos points de vue et id\u00e9es phares <\/h6>\t\t\t\t<\/div>\n\t\t\t\t<\/div>\n\t\t\t\t<div class=\"elementor-element elementor-element-6b0fc39 elementor-widget elementor-widget-image-box\" data-id=\"6b0fc39\" data-element_type=\"widget\" data-widget_type=\"image-box.default\">\n\t\t\t\t<div class=\"elementor-widget-container\">\n\t\t\t\t\t<div class=\"elementor-image-box-wrapper\"><div class=\"elementor-image-box-content\"><h1 class=\"elementor-image-box-title\">Id\u00e9es concises et \u00e0 fort impact<\/h1><p class=\"elementor-image-box-description\">Nous fournissons des id\u00e9es concises et \u00e0 fort impact, con\u00e7ues pour les d\u00e9cideurs et les professionnels de l'industrie. Restez en avance avec des perspectives d'experts sur les d\u00e9fis et les opportunit\u00e9s qui fa\u00e7onnent le secteur industriel.<\/p><\/div><\/div>\t\t\t\t<\/div>\n\t\t\t\t<\/div>\n\t\t\t\t<div class=\"elementor-element elementor-element-a7a31c0 elementor-widget elementor-widget-button\" data-id=\"a7a31c0\" data-element_type=\"widget\" data-widget_type=\"button.default\">\n\t\t\t\t<div class=\"elementor-widget-container\">\n\t\t\t\t\t\t\t\t\t<div class=\"elementor-button-wrapper\">\n\t\t\t\t\t<a class=\"elementor-button elementor-button-link elementor-size-sm\" href=\"#\">\n\t\t\t\t\t\t<span class=\"elementor-button-content-wrapper\">\n\t\t\t\t\t\t\t\t\t<span class=\"elementor-button-text\">Lire les articles<\/span>\n\t\t\t\t\t<\/span>\n\t\t\t\t\t<\/a>\n\t\t\t\t<\/div>\n\t\t\t\t\t\t\t\t<\/div>\n\t\t\t\t<\/div>\n\t\t\t\t<div class=\"elementor-element elementor-element-494e2d0 elementor-widget elementor-widget-image\" data-id=\"494e2d0\" data-element_type=\"widget\" data-widget_type=\"image.default\">\n\t\t\t\t<div class=\"elementor-widget-container\">\n\t\t\t\t\t\t\t\t\t\t\t\t\t\t\t<img fetchpriority=\"high\" decoding=\"async\" width=\"342\" height=\"199\" src=\"https:\/\/www.partners-in-action.com\/wp-content\/uploads\/2025\/02\/dotted-pattern.png\" class=\"attachment-large size-large wp-image-2164\" alt=\"\" srcset=\"https:\/\/www.partners-in-action.com\/wp-content\/uploads\/2025\/02\/dotted-pattern.png 342w, https:\/\/www.partners-in-action.com\/wp-content\/uploads\/2025\/02\/dotted-pattern-300x175.png 300w\" sizes=\"(max-width: 342px) 100vw, 342px\" \/>\t\t\t\t\t\t\t\t\t\t\t\t\t\t\t<\/div>\n\t\t\t\t<\/div>\n\t\t\t\t<\/div>\n\t\t<div class=\"elementor-element elementor-element-8fabdac e-con-full e-flex e-con e-child\" data-id=\"8fabdac\" data-element_type=\"container\">\n\t\t\t\t<div class=\"elementor-element elementor-element-0b25819 elementor-widget elementor-widget-image\" data-id=\"0b25819\" data-element_type=\"widget\" data-widget_type=\"image.default\">\n\t\t\t\t<div class=\"elementor-widget-container\">\n\t\t\t\t\t\t\t\t\t\t\t\t\t\t\t<img decoding=\"async\" width=\"2560\" height=\"1707\" src=\"https:\/\/www.partners-in-action.com\/wp-content\/uploads\/2025\/02\/pexels-photo-30798185-30798185-scaled.jpg\" class=\"attachment-full size-full wp-image-2157\" alt=\"A green postbox mounted on a wall casting a long shadow in bright sunlight.\" srcset=\"https:\/\/www.partners-in-action.com\/wp-content\/uploads\/2025\/02\/pexels-photo-30798185-30798185-scaled.jpg 2560w, https:\/\/www.partners-in-action.com\/wp-content\/uploads\/2025\/02\/pexels-photo-30798185-30798185-300x200.jpg 300w, https:\/\/www.partners-in-action.com\/wp-content\/uploads\/2025\/02\/pexels-photo-30798185-30798185-1024x683.jpg 1024w, https:\/\/www.partners-in-action.com\/wp-content\/uploads\/2025\/02\/pexels-photo-30798185-30798185-768x512.jpg 768w, https:\/\/www.partners-in-action.com\/wp-content\/uploads\/2025\/02\/pexels-photo-30798185-30798185-1536x1024.jpg 1536w, https:\/\/www.partners-in-action.com\/wp-content\/uploads\/2025\/02\/pexels-photo-30798185-30798185-2048x1366.jpg 2048w\" sizes=\"(max-width: 2560px) 100vw, 2560px\" \/>\t\t\t\t\t\t\t\t\t\t\t\t\t\t\t<\/div>\n\t\t\t\t<\/div>\n\t\t\t\t<\/div>\n\t\t\t\t\t<\/div>\n\t\t\t\t<\/div>\n\t\t<div class=\"elementor-element elementor-element-tlvr2kt e-flex e-con-boxed e-con e-parent\" data-id=\"tlvr2kt\" data-element_type=\"container\" data-settings=\"{&quot;background_background&quot;:&quot;classic&quot;}\">\n\t\t\t\t\t<div class=\"e-con-inner\">\n\t\t<div class=\"elementor-element elementor-element-fc43f47 e-con-full e-flex e-con e-child\" data-id=\"fc43f47\" data-element_type=\"container\" data-settings=\"{&quot;background_background&quot;:&quot;classic&quot;}\">\n\t\t<div class=\"elementor-element elementor-element-f16e5ef e-con-full e-flex e-con e-child\" data-id=\"f16e5ef\" data-element_type=\"container\">\n\t\t\t\t<div class=\"elementor-element elementor-element-a571e35 elementor-widget elementor-widget-spacer\" data-id=\"a571e35\" data-element_type=\"widget\" data-widget_type=\"spacer.default\">\n\t\t\t\t<div class=\"elementor-widget-container\">\n\t\t\t\t\t\t\t<div class=\"elementor-spacer\">\n\t\t\t<div class=\"elementor-spacer-inner\"><\/div>\n\t\t<\/div>\n\t\t\t\t\t\t<\/div>\n\t\t\t\t<\/div>\n\t\t\t\t<div class=\"elementor-element elementor-element-67e6c06 elementor-widget elementor-widget-heading\" data-id=\"67e6c06\" data-element_type=\"widget\" data-widget_type=\"heading.default\">\n\t\t\t\t<div class=\"elementor-widget-container\">\n\t\t\t\t\t<h4 class=\"elementor-heading-title elementor-size-default\">Id\u00e9es phares : Les perspectives les plus marquantes de PIA sur les enjeux cl\u00e9s fa\u00e7onnant l'avenir des entreprises<\/h4>\t\t\t\t<\/div>\n\t\t\t\t<\/div>\n\t\t\t\t<\/div>\n\t\t<div class=\"elementor-element elementor-element-1bbe1bb e-con-full e-flex e-con e-child\" data-id=\"1bbe1bb\" data-element_type=\"container\" data-settings=\"{&quot;background_background&quot;:&quot;classic&quot;}\">\n\t\t\t\t<div class=\"elementor-element elementor-element-c04cd77 elementor-widget__width-inherit elementor-widget elementor-widget-shortcode\" data-id=\"c04cd77\" data-element_type=\"widget\" data-widget_type=\"shortcode.default\">\n\t\t\t\t<div class=\"elementor-widget-container\">\n\t\t\t\t\t\t\t<div class=\"elementor-shortcode\"><div class=\"tnp tnp-subscription \">\n<form method=\"post\" action=\"https:\/\/www.partners-in-action.com\/wp-admin\/admin-ajax.php?action=tnp&amp;na=s\">\n<input type=\"hidden\" name=\"nlang\" value=\"fr\">\n<div class=\"tnp-field tnp-field-email\"><label for=\"tnp-1\">Enter Email<\/label>\n<input class=\"tnp-email\" type=\"email\" name=\"ne\" id=\"tnp-1\" value=\"\" placeholder=\"\" required><\/div>\n<div class=\"tnp-field tnp-field-button\" style=\"text-align: left\"><input class=\"tnp-submit\" type=\"submit\" value=\"S&#039;abonner\" style=\"\">\n<\/div>\n<\/form>\n<\/div>\n <\/div>\n\t\t\t\t\t\t<\/div>\n\t\t\t\t<\/div>\n\t\t\t\t<\/div>\n\t\t\t\t<\/div>\n\t\t\t\t\t<\/div>\n\t\t\t\t<\/div>\n\t\t<div class=\"elementor-element elementor-element-7eg8399 e-flex e-con-boxed e-con e-parent\" data-id=\"7eg8399\" data-element_type=\"container\" data-settings=\"{&quot;background_background&quot;:&quot;classic&quot;}\">\n\t\t\t\t\t<div class=\"e-con-inner\">\n\t\t<div class=\"elementor-element elementor-element-e1fa399 e-con-full e-flex e-con e-child\" data-id=\"e1fa399\" data-element_type=\"container\">\n\t\t\t\t<div class=\"elementor-element elementor-element-5887c42 elementor-widget elementor-widget-heading\" data-id=\"5887c42\" data-element_type=\"widget\" data-widget_type=\"heading.default\">\n\t\t\t\t<div class=\"elementor-widget-container\">\n\t\t\t\t\t<h2 class=\"elementor-heading-title elementor-size-default\">Derniers articles<\/h2>\t\t\t\t<\/div>\n\t\t\t\t<\/div>\n\t\t<div class=\"elementor-element elementor-element-8392b2e e-con-full e-flex e-con e-child\" data-id=\"8392b2e\" data-element_type=\"container\">\n\t\t<div class=\"elementor-element elementor-element-6c3d416 e-con-full e-flex e-con e-child\" data-id=\"6c3d416\" data-element_type=\"container\" data-settings=\"{&quot;background_background&quot;:&quot;classic&quot;}\">\n\t\t\t\t<div class=\"elementor-element elementor-element-15bc11f elementor-widget elementor-widget-heading\" data-id=\"15bc11f\" data-element_type=\"widget\" data-widget_type=\"heading.default\">\n\t\t\t\t<div class=\"elementor-widget-container\">\n\t\t\t\t\t<h3 class=\"elementor-heading-title elementor-size-default\"><a href=\"https:\/\/www.partners-in-action.com\/fr\/comment-creons-nous-de-la-valeur\/\">Comment cr\u00e9ons-nous de la valeur ?<\/a><\/h3>\t\t\t\t<\/div>\n\t\t\t\t<\/div>\n\t\t\t\t<\/div>\n\t\t<div class=\"elementor-element elementor-element-730ae58 e-con-full e-flex e-con e-child\" data-id=\"730ae58\" data-element_type=\"container\" data-settings=\"{&quot;background_background&quot;:&quot;classic&quot;}\">\n\t\t\t\t<div class=\"elementor-element elementor-element-efef949 elementor-widget elementor-widget-heading\" data-id=\"efef949\" data-element_type=\"widget\" data-widget_type=\"heading.default\">\n\t\t\t\t<div class=\"elementor-widget-container\">\n\t\t\t\t\t<h3 class=\"elementor-heading-title elementor-size-default\"><a href=\"#\">Comment r\u00e9ussir \u00e0 long terme en construisant l'usine comme un syst\u00e8me ?<\/a><\/h3>\t\t\t\t<\/div>\n\t\t\t\t<\/div>\n\t\t\t\t<\/div>\n\t\t<div class=\"elementor-element elementor-element-666bf63 e-con-full e-flex e-con e-child\" data-id=\"666bf63\" data-element_type=\"container\" data-settings=\"{&quot;background_background&quot;:&quot;classic&quot;}\">\n\t\t\t\t<div class=\"elementor-element elementor-element-d6f6614 elementor-widget elementor-widget-heading\" data-id=\"d6f6614\" data-element_type=\"widget\" data-widget_type=\"heading.default\">\n\t\t\t\t<div class=\"elementor-widget-container\">\n\t\t\t\t\t<h3 class=\"elementor-heading-title elementor-size-default\"><a href=\"#\">D\u00e9couvrez la m\u00e9thode \u00e9prouv\u00e9e de PIA pour repenser votre mod\u00e8le op\u00e9rationnel \u00e0 travers un processus it\u00e9ratif et coh\u00e9rent.<\/a><\/h3>\t\t\t\t<\/div>\n\t\t\t\t<\/div>\n\t\t\t\t<\/div>\n\t\t<div class=\"elementor-element elementor-element-2c02336 e-con-full e-flex e-con e-child\" data-id=\"2c02336\" data-element_type=\"container\" data-settings=\"{&quot;background_background&quot;:&quot;classic&quot;}\">\n\t\t\t\t<div class=\"elementor-element elementor-element-b0b64ce elementor-widget elementor-widget-heading\" data-id=\"b0b64ce\" data-element_type=\"widget\" data-widget_type=\"heading.default\">\n\t\t\t\t<div class=\"elementor-widget-container\">\n\t\t\t\t\t<h3 class=\"elementor-heading-title elementor-size-default\"><a href=\"#\">Votre cockpit financier vous aide-t-il \u00e0 naviguer \u00e0 travers les d\u00e9fis financiers ?<\/a><\/h3>\t\t\t\t<\/div>\n\t\t\t\t<\/div>\n\t\t\t\t<\/div>\n\t\t\t\t<\/div>\n\t\t\t\t<div class=\"elementor-element elementor-element-e97ac2e elementor-align-center elementor-widget elementor-widget-button\" data-id=\"e97ac2e\" data-element_type=\"widget\" data-widget_type=\"button.default\">\n\t\t\t\t<div class=\"elementor-widget-container\">\n\t\t\t\t\t\t\t\t\t<div class=\"elementor-button-wrapper\">\n\t\t\t\t\t<a class=\"elementor-button elementor-button-link elementor-size-sm\" href=\"#\">\n\t\t\t\t\t\t<span class=\"elementor-button-content-wrapper\">\n\t\t\t\t\t\t\t\t\t<span class=\"elementor-button-text\">Explorez-les tous<\/span>\n\t\t\t\t\t<\/span>\n\t\t\t\t\t<\/a>\n\t\t\t\t<\/div>\n\t\t\t\t\t\t\t\t<\/div>\n\t\t\t\t<\/div>\n\t\t\t\t<\/div>\n\t\t\t\t\t<\/div>\n\t\t\t\t<\/div>\n\t\t\t\t<\/div>\n\t\t","protected":false},"excerpt":{"rendered":"<p>Partager nos points de vue et id\u00e9es phares Id\u00e9es concises et \u00e0 fort impact Nous fournissons des id\u00e9es concises et \u00e0 fort impact, con\u00e7ues pour les d\u00e9cideurs et les professionnels de l&#8217;industrie. Restez en avance avec des perspectives d&#8217;experts sur les d\u00e9fis et les opportunit\u00e9s qui fa\u00e7onnent le secteur industriel. Lire les articles Id\u00e9es phares [&hellip;]<\/p>\n","protected":false},"author":1,"featured_media":0,"parent":0,"menu_order":0,"comment_status":"closed","ping_status":"closed","template":"","meta":{"site-sidebar-layout":"no-sidebar","site-content-layout":"page-builder","ast-site-content-layout":"full-width-container","site-content-style":"default","site-sidebar-style":"default","ast-global-header-display":"","ast-banner-title-visibility":"","ast-main-header-display":"","ast-hfb-above-header-display":"","ast-hfb-below-header-display":"","ast-hfb-mobile-header-display":"","site-post-title":"disabled","ast-breadcrumbs-content":"","ast-featured-img":"disabled","footer-sml-layout":"","theme-transparent-header-meta":"","adv-header-id-meta":"","stick-header-meta":"","header-above-stick-meta":"","header-main-stick-meta":"","header-below-stick-meta":"","astra-migrate-meta-layouts":"default","ast-page-background-enabled":"default","ast-page-background-meta":{"desktop":{"background-color":"","background-image":"","background-repeat":"repeat","background-position":"center center","background-size":"auto","background-attachment":"scroll","background-type":"","background-media":"","overlay-type":"","overlay-color":"","overlay-opacity":"","overlay-gradient":""},"tablet":{"background-color":"","background-image":"","background-repeat":"repeat","background-position":"center center","background-size":"auto","background-attachment":"scroll","background-type":"","background-media":"","overlay-type":"","overlay-color":"","overlay-opacity":"","overlay-gradient":""},"mobile":{"background-color":"","background-image":"","background-repeat":"repeat","background-position":"center center","background-size":"auto","background-attachment":"scroll","background-type":"","background-media":"","overlay-type":"","overlay-color":"","overlay-opacity":"","overlay-gradient":""}},"ast-content-background-meta":{"desktop":{"background-color":"var(--ast-global-color-5)","background-image":"","background-repeat":"repeat","background-position":"center center","background-size":"auto","background-attachment":"scroll","background-type":"","background-media":"","overlay-type":"","overlay-color":"","overlay-opacity":"","overlay-gradient":""},"tablet":{"background-color":"var(--ast-global-color-5)","background-image":"","background-repeat":"repeat","background-position":"center center","background-size":"auto","background-attachment":"scroll","background-type":"","background-media":"","overlay-type":"","overlay-color":"","overlay-opacity":"","overlay-gradient":""},"mobile":{"background-color":"var(--ast-global-color-5)","background-image":"","background-repeat":"repeat","background-position":"center center","background-size":"auto","background-attachment":"scroll","background-type":"","background-media":"","overlay-type":"","overlay-color":"","overlay-opacity":"","overlay-gradient":""}},"footnotes":""},"class_list":["post-2439","page","type-page","status-publish","hentry"],"_links":{"self":[{"href":"https:\/\/www.partners-in-action.com\/fr\/wp-json\/wp\/v2\/pages\/2439","targetHints":{"allow":["GET"]}}],"collection":[{"href":"https:\/\/www.partners-in-action.com\/fr\/wp-json\/wp\/v2\/pages"}],"about":[{"href":"https:\/\/www.partners-in-action.com\/fr\/wp-json\/wp\/v2\/types\/page"}],"author":[{"embeddable":true,"href":"https:\/\/www.partners-in-action.com\/fr\/wp-json\/wp\/v2\/users\/1"}],"replies":[{"embeddable":true,"href":"https:\/\/www.partners-in-action.com\/fr\/wp-json\/wp\/v2\/comments?post=2439"}],"version-history":[{"count":5,"href":"https:\/\/www.partners-in-action.com\/fr\/wp-json\/wp\/v2\/pages\/2439\/revisions"}],"predecessor-version":[{"id":2549,"href":"https:\/\/www.partners-in-action.com\/fr\/wp-json\/wp\/v2\/pages\/2439\/revisions\/2549"}],"wp:attachment":[{"href":"https:\/\/www.partners-in-action.com\/fr\/wp-json\/wp\/v2\/media?parent=2439"}],"curies":[{"name":"wp","href":"https:\/\/api.w.org\/{rel}","templated":true}]}}